{"id":1364,"date":"2020-07-31T09:52:54","date_gmt":"2020-07-31T09:52:54","guid":{"rendered":"http:\/\/tierarztpraxis-langen.de\/?page_id=1364"},"modified":"2022-06-10T10:54:53","modified_gmt":"2022-06-10T10:54:53","slug":"datenschutzerklaerung","status":"publish","type":"page","link":"http:\/\/tierarztpraxis-langen.de\/?page_id=1364","title":{"rendered":"Datenschutzerkl\u00e4rung"},"content":{"rendered":"<div  class='avia-slideshow av-kdsux9kc-b37412b3c4452dd87f90dcb381220020 av-control-minimal avia-slideshow-featured av_slideshow avia-slide-slider  avia-builder-el-0  el_before_av_textblock  avia-builder-el-first  av-default-height-applied avia-slideshow-1'  data-size='featured'  data-lightbox_size='large'  data-animation='slide'  data-conditional_play=''  data-ids='1850'  data-video_counter='0'  data-autoplay='false'  data-bg_slider='false'  data-slide_height=''  data-handle='av_slideshow'  data-interval='5'  data-class=' avia-builder-el-0  el_before_av_textblock  avia-builder-el-first '  data-extra_class=''  data-el_id=''  data-css_id=''  data-scroll_down=''  data-control_layout='av-control-minimal'  data-custom_markup=''  data-perma_caption=''  data-autoplay_stopper=''  data-image_attachment=''  data-min_height='0px'  data-lazy_loading='disabled'  data-default-height='28.666666666667'  data-img_scrset=''  data-av-desktop-hide=''  data-av-medium-hide=''  data-av-small-hide=''  data-av-mini-hide=''  data-alb_description=''  data-id=''  data-custom_class=''  data-template_class=''  data-av_uid='av-kdsux9kc'  data-sc_version='1.0'  data-heading_tag=''  data-heading_class=''   itemprop=\"image\" itemscope=\"itemscope\" itemtype=\"https:\/\/schema.org\/ImageObject\" ><ul class='avia-slideshow-inner ' style='padding-bottom: 28.666666666667%;'><li  class='avia-slideshow-slide av-kdsux9kc-b37412b3c4452dd87f90dcb381220020__0  av-single-slide slide-1 ' ><div data-rel='slideshow-1' class='avia-slide-wrap '   ><img decoding=\"async\" class=\"wp-image-1850 avia-img-lazy-loading-not-1850\"  src=\"http:\/\/tierarztpraxis-langen.de\/wp-content\/uploads\/2020\/11\/three-birds-klein-1500x430.jpg\" width=\"1500\" height=\"430\" title='Kontakt' alt='Kontakt'  itemprop=\"thumbnailUrl\"   \/><\/div><\/li><\/ul><\/div>\n<section  class='av_textblock_section av-313a84-3fdce981b78c0af47123b88e6f62526c'  itemscope=\"itemscope\" itemtype=\"https:\/\/schema.org\/CreativeWork\" ><div class='avia_textblock'  itemprop=\"text\" ><p>In dieser Datenschutzerkl\u00e4rung informieren wir Sie \u00fcber die Verarbeitung personenbezogener Daten bei der Nutzung dieser Website.<\/p>\n<p><strong>Verantwortlicher<\/strong><\/p>\n<p>Verantwortlich f\u00fcr die Datenverarbeitung ist<\/p>\n<p><em>Vera Bouchard<\/em><\/p>\n<p><em>Tierarztpraxis Langen, Triftstra\u00dfe 20<\/em><em>, <\/em><em>63225 Langen<\/em><\/p>\n<p><em>06103 23703<\/em><\/p>\n<p><em>info@tierarztpraxis-langen.de<\/em><\/p>\n<p><strong>Personenbezogene Daten<\/strong><\/p>\n<p>Personenbezogene Daten sind alle Informationen, die sich auf eine identifizierte oder<br \/>\nidentifizierbare nat\u00fcrliche Person (im Folgenden &#8222;betroffene Person&#8220;)<br \/>\nbeziehen. Als identifizierbar wird eine nat\u00fcrliche Person angesehen, die<br \/>\ndirekt oder indirekt, insbesondere mittels Zuordnung zu einer Kennung<br \/>\nwie einem Namen, zu einer Kennnummer, zu Standortdaten, zu einer<br \/>\nOnline-Kennung oder zu einem oder mehreren besonderen Merkmalen<br \/>\nidentifiziert werden kann, die Ausdruck der physischen, physiologischen,<br \/>\ngenetischen, psychischen, wirtschaftlichen, kulturellen oder sozialen<br \/>\nIdentit\u00e4t dieser nat\u00fcrlichen Person sind.<\/p>\n<p><strong>Daten beim Websiteaufruf<\/strong><\/p>\n<p>Wenn Sie diese Website nur nutzen, um sich zu informieren und keine Daten<br \/>\nangeben, dann verarbeiten wir nur die Daten, die zur Anzeige der Website<br \/>\nauf dem von Ihnen verwendeten internetf\u00e4higen Ger\u00e4t erforderlich sind.<br \/>\nDas sind insbesondere:<\/p>\n<ul>\n<li>IP-Adresse<\/li>\n<li>Datum und Uhrzeit der Anfrage<\/li>\n<li>jeweils \u00fcbertragene Datenmenge<\/li>\n<li>die Website, von der die Anforderung kommt<\/li>\n<li>Browsertyp und Browserversion<\/li>\n<li>Betriebssystem<\/li>\n<\/ul>\n<p>Rechtsgrundlage f\u00fcr die Verarbeitung dieser Daten sind berechtigte Interessen gem\u00e4\u00df<br \/>\nArt. 6 Abs. 1 UAbs. 1 Buchstabe f) DSGVO, um die Darstellung der Website<br \/>\ngrunds\u00e4tzlich zu erm\u00f6glichen.<\/p>\n<p>Dar\u00fcber hinaus k\u00f6nnen Sie verschiedene Leistungen auf der Website nutzen, bei der weitere<br \/>\npersonenbezogene und nicht personenbezogene Daten verarbeitet werden.<\/p>\n<p><strong>Ihre Rechte<\/strong><\/p>\n<p>Als betroffene Person haben Sie folgende Rechte:<\/p>\n<ul>\n<li>Sie haben ein Auskunftsrecht bez\u00fcglich der Sie betreffenden<br \/>\npersonenbezogenen Daten, die der Verantwortliche verarbeitet (Art. 15<br \/>\nDSGVO),<\/li>\n<li>Sie haben das Recht auf Berichtigung der Sie<br \/>\nbetreffenden Daten, wenn diese unrichtig oder unvollst\u00e4ndig gespeichert<br \/>\nwerden (Art. 16 DSGVO),<\/li>\n<li>Sie haben das Recht auf L\u00f6schung (Art. 17 DSGVO),<\/li>\n<li>Sie haben das Recht, die Einschr\u00e4nkung der Verarbeitung Ihrer personenbezogenen Daten zu verlangen (Art. 18 DSGVO),<\/li>\n<li>Sie haben das Recht auf Daten\u00fcbertragbarkeit (Art. 20 DSGVO),<\/li>\n<li>Sie haben ein Widerspruchsrecht gegen die Verarbeitung Sie betreffender personenbezogener Daten (Art. 21 DSGVO),<\/li>\n<li>Sie haben das Recht nicht einer ausschlie\u00dflich auf einer automatisierten<br \/>\nVerarbeitung \u2013 einschlie\u00dflich Profiling \u2013 beruhenden Entscheidung<br \/>\nunterworfen zu werden, die Ihnen gegen\u00fcber rechtliche Wirkung entfaltet<br \/>\noder sie in \u00e4hnlicher Weise erheblich beeintr\u00e4chtigt (Art. 22 DSGVO),<\/li>\n<li>Sie haben das Recht, sich bei einem vermuteten Versto\u00df gegen das<br \/>\nDatenschutzrecht bei der zust\u00e4ndigen Aufsichtsbeh\u00f6rde zu beschweren<br \/>\n(Art. 77 DSGVO). Zust\u00e4ndig ist die Aufsichtsbeh\u00f6rde an Ihrem \u00fcblichen<br \/>\nAufenthaltsort, Arbeitsplatz oder am Ort des vermuteten Versto\u00dfes.<\/li>\n<li><\/li>\n<\/ul>\n<p>Quelle: <a href=\"https:\/\/www.anwalt.de\/vorlage\/muster-datenschutzerklaerung.php\" rel=\"nofollow\">Muster-Datenschutzerkl\u00e4rung von anwalt.de<\/a><\/p>\n<\/div><\/section>\n","protected":false},"excerpt":{"rendered":"","protected":false},"author":1,"featured_media":1850,"parent":0,"menu_order":0,"comment_status":"closed","ping_status":"closed","template":"","meta":{"footnotes":""},"class_list":["post-1364","page","type-page","status-publish","has-post-thumbnail","hentry"],"_links":{"self":[{"href":"http:\/\/tierarztpraxis-langen.de\/index.php?rest_route=\/wp\/v2\/pages\/1364","targetHints":{"allow":["GET"]}}],"collection":[{"href":"http:\/\/tierarztpraxis-langen.de\/index.php?rest_route=\/wp\/v2\/pages"}],"about":[{"href":"http:\/\/tierarztpraxis-langen.de\/index.php?rest_route=\/wp\/v2\/types\/page"}],"author":[{"embeddable":true,"href":"http:\/\/tierarztpraxis-langen.de\/index.php?rest_route=\/wp\/v2\/users\/1"}],"replies":[{"embeddable":true,"href":"http:\/\/tierarztpraxis-langen.de\/index.php?rest_route=%2Fwp%2Fv2%2Fcomments&post=1364"}],"version-history":[{"count":12,"href":"http:\/\/tierarztpraxis-langen.de\/index.php?rest_route=\/wp\/v2\/pages\/1364\/revisions"}],"predecessor-version":[{"id":2380,"href":"http:\/\/tierarztpraxis-langen.de\/index.php?rest_route=\/wp\/v2\/pages\/1364\/revisions\/2380"}],"wp:featuredmedia":[{"embeddable":true,"href":"http:\/\/tierarztpraxis-langen.de\/index.php?rest_route=\/wp\/v2\/media\/1850"}],"wp:attachment":[{"href":"http:\/\/tierarztpraxis-langen.de\/index.php?rest_route=%2Fwp%2Fv2%2Fmedia&parent=1364"}],"curies":[{"name":"wp","href":"https:\/\/api.w.org\/{rel}","templated":true}]}}