{"id":952,"date":"2016-07-15T14:19:28","date_gmt":"2016-07-15T14:19:28","guid":{"rendered":"http:\/\/test.kriesi.at\/enfold-medical\/?page_id=952"},"modified":"2023-08-09T11:42:03","modified_gmt":"2023-08-09T11:42:03","slug":"services","status":"publish","type":"page","link":"http:\/\/tierarztpraxis-langen.de\/?page_id=952","title":{"rendered":"Leistungen"},"content":{"rendered":"\n<style type=\"text\/css\" data-created_by=\"avia_inline_auto\" id=\"style-css-av-591ijy-a34599e212761840e5e72c416d6ae62f\">\n.avia-section.av-591ijy-a34599e212761840e5e72c416d6ae62f{\nbackground-color:rgba(255,255,255,0.29);\n}\n<\/style>\n<div id='about'  class='avia-section av-591ijy-a34599e212761840e5e72c416d6ae62f main_color avia-section-small avia-no-shadow  avia-builder-el-0  el_before_av_layout_row  avia-builder-el-first  avia-bg-style-scroll container_wrap sidebar_right'  ><div class='container av-section-cont-open' ><main  role=\"main\" itemprop=\"mainContentOfPage\"  class='template-page content  av-content-small alpha units'><div class='post-entry post-entry-type-page post-entry-952'><div class='entry-content-wrapper clearfix'>\n<div  class='avia-slideshow av-kdsux9kc-b37412b3c4452dd87f90dcb381220020 av-control-minimal avia-slideshow-featured av_slideshow avia-slide-slider  avia-builder-el-1  el_before_av_heading  avia-builder-el-first  av-default-height-applied avia-slideshow-1'  data-size='featured'  data-lightbox_size='large'  data-animation='slide'  data-conditional_play=''  data-ids='1949'  data-video_counter='0'  data-autoplay='false'  data-bg_slider='false'  data-slide_height=''  data-handle='av_slideshow'  data-interval='5'  data-class=' avia-builder-el-1  el_before_av_heading  avia-builder-el-first '  data-extra_class=''  data-el_id=''  data-css_id=''  data-scroll_down=''  data-control_layout='av-control-minimal'  data-custom_markup=''  data-perma_caption=''  data-autoplay_stopper=''  data-image_attachment=''  data-min_height='0px'  data-lazy_loading='disabled'  data-default-height='28.666666666667'  data-img_scrset=''  data-av-desktop-hide=''  data-av-medium-hide=''  data-av-small-hide=''  data-av-mini-hide=''  data-alb_description=''  data-id=''  data-custom_class=''  data-template_class=''  data-av_uid='av-kdsux9kc'  data-sc_version='1.0'  data-heading_tag=''  data-heading_class=''   itemprop=\"image\" itemscope=\"itemscope\" itemtype=\"https:\/\/schema.org\/ImageObject\" ><ul class='avia-slideshow-inner ' style='padding-bottom: 28.666666666667%;'><li  class='avia-slideshow-slide av-kdsux9kc-b37412b3c4452dd87f90dcb381220020__0  av-single-slide slide-1 ' ><div data-rel='slideshow-1' class='avia-slide-wrap '   ><img decoding=\"async\" class=\"wp-image-1949 avia-img-lazy-loading-not-1949\"  src=\"http:\/\/tierarztpraxis-langen.de\/wp-content\/uploads\/2020\/11\/Kaninogramm-1-1500x430.jpg\" width=\"1500\" height=\"430\" title='Kaninogramm' alt=''  itemprop=\"thumbnailUrl\"   \/><\/div><\/li><\/ul><\/div>\n\n<style type=\"text\/css\" data-created_by=\"avia_inline_auto\" id=\"style-css-av-73jt4-bde3020fdd667b7138aa83c72e019e5a\">\n#top .av-special-heading.av-73jt4-bde3020fdd667b7138aa83c72e019e5a{\npadding-bottom:30px;\n}\nbody .av-special-heading.av-73jt4-bde3020fdd667b7138aa83c72e019e5a .av-special-heading-tag .heading-char{\nfont-size:25px;\n}\n.av-special-heading.av-73jt4-bde3020fdd667b7138aa83c72e019e5a .av-subheading{\nfont-size:15px;\n}\n<\/style>\n<div  class='av-special-heading av-73jt4-bde3020fdd667b7138aa83c72e019e5a av-special-heading-h2 blockquote modern-quote modern-centered  avia-builder-el-2  el_after_av_slideshow  avia-builder-el-last '><h2 class='av-special-heading-tag'  itemprop=\"headline\"  >Leistungen<\/h2><div class=\"special-heading-border\"><div class=\"special-heading-inner-border\"><\/div><\/div><\/div>\n\n<\/div><\/div><\/main><!-- close content main element --><\/div><\/div><div id='av-layout-grid-1'  class='av-layout-grid-container av-77inqu-0733b61e023a4fa0cd39a7dc97476f5c entry-content-wrapper main_color av-flex-cells  avia-builder-el-3  el_after_av_section  el_before_av_layout_row  grid-row-not-first  container_wrap sidebar_right'  >\n\n<style type=\"text\/css\" data-created_by=\"avia_inline_auto\" id=\"style-css-av-73b94m-5f0b933f32b6722abacb1a59764c2546\">\n.flex_cell.av-73b94m-5f0b933f32b6722abacb1a59764c2546{\nvertical-align:top;\npadding:50px 50px 50px 50px;\nbackground-color:#ffffff;\n}\n<\/style>\n<div class='flex_cell av_one_half av-73b94m-5f0b933f32b6722abacb1a59764c2546 no_margin  avia-builder-el-4  el_before_av_cell_one_half  avia-builder-el-first ' ><div class='flex_cell_inner'>\n<style type=\"text\/css\" data-created_by=\"avia_inline_auto\" id=\"style-css-av-6viyum-2cdf38d520c18e4226bf78f74d60e7fe\">\n.avia-image-container.av-6viyum-2cdf38d520c18e4226bf78f74d60e7fe .av-image-caption-overlay-center{\ncolor:#ffffff;\n}\n<\/style>\n<div  class='avia-image-container av-6viyum-2cdf38d520c18e4226bf78f74d60e7fe av-styling-no-styling av-hover-grow avia-align-center  avia-builder-el-5  avia-builder-el-no-sibling '  itemprop=\"image\" itemscope=\"itemscope\" itemtype=\"https:\/\/schema.org\/ImageObject\" ><div class=\"avia-image-container-inner\"><div class=\"avia-image-overlay-wrap\"><img decoding=\"async\" class='wp-image-2351 avia-img-lazy-loading-not-2351 avia_image' src=\"http:\/\/tierarztpraxis-langen.de\/wp-content\/uploads\/2023\/08\/IMG_8089-1030x687.jpg\" alt='' title='IMG_8089'  height=\"687\" width=\"1030\"  itemprop=\"thumbnailUrl\" srcset=\"http:\/\/tierarztpraxis-langen.de\/wp-content\/uploads\/2023\/08\/IMG_8089-1030x687.jpg 1030w, http:\/\/tierarztpraxis-langen.de\/wp-content\/uploads\/2023\/08\/IMG_8089-300x200.jpg 300w, http:\/\/tierarztpraxis-langen.de\/wp-content\/uploads\/2023\/08\/IMG_8089-768x512.jpg 768w, http:\/\/tierarztpraxis-langen.de\/wp-content\/uploads\/2023\/08\/IMG_8089-1536x1024.jpg 1536w, http:\/\/tierarztpraxis-langen.de\/wp-content\/uploads\/2023\/08\/IMG_8089-1500x1000.jpg 1500w, http:\/\/tierarztpraxis-langen.de\/wp-content\/uploads\/2023\/08\/IMG_8089-705x470.jpg 705w, http:\/\/tierarztpraxis-langen.de\/wp-content\/uploads\/2023\/08\/IMG_8089.jpg 1920w\" sizes=\"(max-width: 1030px) 100vw, 1030px\" \/><\/div><\/div><\/div>\n<\/div><\/div>\n<style type=\"text\/css\" data-created_by=\"avia_inline_auto\" id=\"style-css-av-6nwfd2-da23894f39537d1912502da507b36a06\">\n.flex_cell.av-6nwfd2-da23894f39537d1912502da507b36a06{\nvertical-align:middle;\npadding:50px 50px 50px 50px;\nbackground-color:#ffffff;\n}\n<\/style>\n<div class='flex_cell av_one_half av-6nwfd2-da23894f39537d1912502da507b36a06 no_margin  avia-builder-el-6  el_after_av_cell_one_half  avia-builder-el-last ' ><div class='flex_cell_inner'><p>\n<style type=\"text\/css\" data-created_by=\"avia_inline_auto\" id=\"style-css-av-b5x3k-f3be50668dda4c7e3abc7a9003e58180\">\n#top .av-special-heading.av-b5x3k-f3be50668dda4c7e3abc7a9003e58180{\npadding-bottom:0px;\nfont-size:30px;\n}\nbody .av-special-heading.av-b5x3k-f3be50668dda4c7e3abc7a9003e58180 .av-special-heading-tag .heading-char{\nfont-size:25px;\n}\n#top #wrap_all .av-special-heading.av-b5x3k-f3be50668dda4c7e3abc7a9003e58180 .av-special-heading-tag{\nfont-size:30px;\n}\n.av-special-heading.av-b5x3k-f3be50668dda4c7e3abc7a9003e58180 .av-subheading{\nfont-size:15px;\n}\n<\/style>\n<div  class='av-special-heading av-b5x3k-f3be50668dda4c7e3abc7a9003e58180 av-special-heading-h3 blockquote modern-quote  avia-builder-el-7  el_before_av_textblock  avia-builder-el-first  av-inherit-size'><h3 class='av-special-heading-tag'  itemprop=\"headline\"  >Sprechstunde<\/h3><div class=\"special-heading-border\"><div class=\"special-heading-inner-border\"><\/div><\/div><\/div><br \/>\n<section  class='av_textblock_section av-6du80e-b97e18b0cda71fb086c25533dd40bdc4'  itemscope=\"itemscope\" itemtype=\"https:\/\/schema.org\/CreativeWork\" ><div class='avia_textblock'  itemprop=\"text\" ><ul>\n<li>Welpenuntersuchung und Beratung<\/li>\n<li>Impfungen, Ausstellen von EU-Heimtierausweisen, Chippen<\/li>\n<li>tier\u00e4rztliche Allgemeinmedizin<\/li>\n<li>Futterberatung<\/li>\n<li>Blutuntersuchungen im hauseigenen Labor<\/li>\n<li>OP-Vorsorgeuntersuchungen<\/li>\n<li>OP-Nachsorge<\/li>\n<li>Geriatrische Untersuchungen, Altersvorsorge<\/li>\n<li>Spezialsprechstunde f\u00fcr Kleins\u00e4uger (Kaninchen, Meerschweinchen, Chinchilla, Degu, Ratte, Hamster &#8230;.)<\/li>\n<\/ul>\n<\/div><\/section><\/p>\n<\/div><\/div><\/div><div id='av-layout-grid-2'  class='av-layout-grid-container av-97yrpy-24ea8097b96556450a7b3fb114cc1db9 entry-content-wrapper main_color av-flex-cells  avia-builder-el-9  el_after_av_layout_row  el_before_av_layout_row  grid-row-not-first  container_wrap sidebar_right'  >\n\n<style type=\"text\/css\" data-created_by=\"avia_inline_auto\" id=\"style-css-av-92wcla-6c37066a2202f3119970dfa05f8a26b0\">\n.flex_cell.av-92wcla-6c37066a2202f3119970dfa05f8a26b0{\nvertical-align:middle;\npadding:50px 50px 50px 50px;\nbackground-color:#ffffff;\n}\n<\/style>\n<div class='flex_cell av_one_half av-92wcla-6c37066a2202f3119970dfa05f8a26b0 no_margin  avia-builder-el-10  el_before_av_cell_one_half  avia-builder-el-first ' ><div class='flex_cell_inner'><p>\n<style type=\"text\/css\" data-created_by=\"avia_inline_auto\" id=\"style-css-av-kh675sbh-2a51d81fd32f3d39655a396e56d2f706\">\n#top .av-special-heading.av-kh675sbh-2a51d81fd32f3d39655a396e56d2f706{\npadding-bottom:0px;\nfont-size:30px;\n}\nbody .av-special-heading.av-kh675sbh-2a51d81fd32f3d39655a396e56d2f706 .av-special-heading-tag .heading-char{\nfont-size:25px;\n}\n#top #wrap_all .av-special-heading.av-kh675sbh-2a51d81fd32f3d39655a396e56d2f706 .av-special-heading-tag{\nfont-size:30px;\n}\n.av-special-heading.av-kh675sbh-2a51d81fd32f3d39655a396e56d2f706 .av-subheading{\nfont-size:15px;\n}\n<\/style>\n<div  class='av-special-heading av-kh675sbh-2a51d81fd32f3d39655a396e56d2f706 av-special-heading-h3 blockquote modern-quote  avia-builder-el-11  el_before_av_textblock  avia-builder-el-first  av-inherit-size'><h3 class='av-special-heading-tag'  itemprop=\"headline\"  >OP<\/h3><div class=\"special-heading-border\"><div class=\"special-heading-inner-border\"><\/div><\/div><\/div><br \/>\n<section  class='av_textblock_section av-8d2prq-c3e753c583d713f7ee1329d6cacff252'  itemscope=\"itemscope\" itemtype=\"https:\/\/schema.org\/CreativeWork\" ><div class='avia_textblock'  itemprop=\"text\" ><ul>\n<li>Kastration bei Kater, K\u00e4tzin, R\u00fcde, m\u00e4nnlichen und weiblichen Kleins\u00e4ugern<\/li>\n<li>Entfernung von Hautver\u00e4nderungen<\/li>\n<li>Probenentnahme und Biopsien unter Narkose<\/li>\n<li>kleinere Weichteiloperationen<\/li>\n<\/ul>\n<\/div><\/section><\/p>\n<\/div><\/div>\n<style type=\"text\/css\" data-created_by=\"avia_inline_auto\" id=\"style-css-av-8nzp5a-b267f3afdf5733fab0608991901e5da6\">\n.flex_cell.av-8nzp5a-b267f3afdf5733fab0608991901e5da6{\nvertical-align:middle;\npadding:50px 50px 50px 50px;\nbackground-color:#ffffff;\n}\n<\/style>\n<div class='flex_cell av_one_half av-8nzp5a-b267f3afdf5733fab0608991901e5da6 no_margin  avia-builder-el-13  el_after_av_cell_one_half  avia-builder-el-last ' ><div class='flex_cell_inner'>\n<style type=\"text\/css\" data-created_by=\"avia_inline_auto\" id=\"style-css-av-8x34ye-5d5b20b9b72ebd01f312b9053a01623f\">\n.avia-image-container.av-8x34ye-5d5b20b9b72ebd01f312b9053a01623f .av-image-caption-overlay-center{\ncolor:#ffffff;\n}\n<\/style>\n<div  class='avia-image-container av-8x34ye-5d5b20b9b72ebd01f312b9053a01623f av-styling- av-hover-grow avia-align-center  avia-builder-el-14  avia-builder-el-no-sibling '  itemprop=\"image\" itemscope=\"itemscope\" itemtype=\"https:\/\/schema.org\/ImageObject\" ><div class=\"avia-image-container-inner\"><div class=\"avia-image-overlay-wrap\"><img decoding=\"async\" class='wp-image-1859 avia-img-lazy-loading-not-1859 avia_image' src=\"http:\/\/tierarztpraxis-langen.de\/wp-content\/uploads\/2020\/11\/operation-scaled.jpg\" alt='Opertion' title='Operation'  height=\"1708\" width=\"2560\"  itemprop=\"thumbnailUrl\" srcset=\"http:\/\/tierarztpraxis-langen.de\/wp-content\/uploads\/2020\/11\/operation-scaled.jpg 2560w, http:\/\/tierarztpraxis-langen.de\/wp-content\/uploads\/2020\/11\/operation-300x200.jpg 300w, http:\/\/tierarztpraxis-langen.de\/wp-content\/uploads\/2020\/11\/operation-1030x687.jpg 1030w, http:\/\/tierarztpraxis-langen.de\/wp-content\/uploads\/2020\/11\/operation-768x512.jpg 768w, http:\/\/tierarztpraxis-langen.de\/wp-content\/uploads\/2020\/11\/operation-1536x1025.jpg 1536w, http:\/\/tierarztpraxis-langen.de\/wp-content\/uploads\/2020\/11\/operation-2048x1367.jpg 2048w, http:\/\/tierarztpraxis-langen.de\/wp-content\/uploads\/2020\/11\/operation-1500x1001.jpg 1500w, http:\/\/tierarztpraxis-langen.de\/wp-content\/uploads\/2020\/11\/operation-705x470.jpg 705w\" sizes=\"(max-width: 2560px) 100vw, 2560px\" \/><\/div><\/div><\/div>\n<\/div><\/div><\/div><div id='av-layout-grid-3'  class='av-layout-grid-container av-77inqu-0733b61e023a4fa0cd39a7dc97476f5c entry-content-wrapper main_color av-flex-cells  avia-builder-el-15  el_after_av_layout_row  avia-builder-el-last  grid-row-not-first  container_wrap sidebar_right'  >\n\n<style type=\"text\/css\" data-created_by=\"avia_inline_auto\" id=\"style-css-av-73b94m-f5789901f8ffd5447ba52c3ab62b939b\">\n.flex_cell.av-73b94m-f5789901f8ffd5447ba52c3ab62b939b{\nvertical-align:top;\npadding:0px 0px 0px 0px;\nbackground-color:#ffffff;\n}\n<\/style>\n<div class='flex_cell av_one_half av-73b94m-f5789901f8ffd5447ba52c3ab62b939b no_margin  avia-builder-el-16  el_before_av_cell_one_half  avia-builder-el-first  av-zero-padding' ><div class='flex_cell_inner'>\n<style type=\"text\/css\" data-created_by=\"avia_inline_auto\" id=\"style-css-av-6viyum-e092182372bdc0b28f1526e8196cf1e5\">\n.avia-image-container.av-6viyum-e092182372bdc0b28f1526e8196cf1e5 .av-image-caption-overlay-center{\ncolor:#ffffff;\n}\n<\/style>\n<div  class='avia-image-container av-6viyum-e092182372bdc0b28f1526e8196cf1e5 av-styling-no-styling av-hover-grow avia-align-center  avia-builder-el-17  avia-builder-el-no-sibling '  itemprop=\"image\" itemscope=\"itemscope\" itemtype=\"https:\/\/schema.org\/ImageObject\" ><div class=\"avia-image-container-inner\"><div class=\"avia-image-overlay-wrap\"><img decoding=\"async\" class='wp-image-2165 avia-img-lazy-loading-not-2165 avia_image' src=\"http:\/\/tierarztpraxis-langen.de\/wp-content\/uploads\/2020\/11\/Roentgen-Kaninchenkopf1-495x400.jpg\" alt='' title='R\u00f6ntgen Kaninchenkopf1'  height=\"400\" width=\"495\"  itemprop=\"thumbnailUrl\"  \/><\/div><\/div><\/div>\n<\/div><\/div>\n<style type=\"text\/css\" data-created_by=\"avia_inline_auto\" id=\"style-css-av-6nwfd2-da23894f39537d1912502da507b36a06\">\n.flex_cell.av-6nwfd2-da23894f39537d1912502da507b36a06{\nvertical-align:middle;\npadding:50px 50px 50px 50px;\nbackground-color:#ffffff;\n}\n<\/style>\n<div class='flex_cell av_one_half av-6nwfd2-da23894f39537d1912502da507b36a06 no_margin  avia-builder-el-18  el_after_av_cell_one_half  avia-builder-el-last ' ><div class='flex_cell_inner'><p>\n<style type=\"text\/css\" data-created_by=\"avia_inline_auto\" id=\"style-css-av-9ko54-ed2d95ed98b86924667d6e5bff532a5d\">\n#top .av-special-heading.av-9ko54-ed2d95ed98b86924667d6e5bff532a5d{\npadding-bottom:0px;\nfont-size:30px;\n}\nbody .av-special-heading.av-9ko54-ed2d95ed98b86924667d6e5bff532a5d .av-special-heading-tag .heading-char{\nfont-size:25px;\n}\n#top #wrap_all .av-special-heading.av-9ko54-ed2d95ed98b86924667d6e5bff532a5d .av-special-heading-tag{\nfont-size:30px;\n}\n.av-special-heading.av-9ko54-ed2d95ed98b86924667d6e5bff532a5d .av-subheading{\nfont-size:15px;\n}\n<\/style>\n<div  class='av-special-heading av-9ko54-ed2d95ed98b86924667d6e5bff532a5d av-special-heading-h3 blockquote modern-quote  avia-builder-el-19  el_before_av_textblock  avia-builder-el-first  av-inherit-size'><h3 class='av-special-heading-tag'  itemprop=\"headline\"  >Ausstattung<\/h3><div class=\"special-heading-border\"><div class=\"special-heading-inner-border\"><\/div><\/div><\/div><br \/>\n<section  class='av_textblock_section av-6du80e-b97e18b0cda71fb086c25533dd40bdc4'  itemscope=\"itemscope\" itemtype=\"https:\/\/schema.org\/CreativeWork\" ><div class='avia_textblock'  itemprop=\"text\" ><ul>\n<li>digitales R\u00f6ntgen<\/li>\n<li>Ultraschall<\/li>\n<li>Blutdruckmessung<\/li>\n<li>hauseigenes Labor<\/li>\n<\/ul>\n<\/div><\/section><\/p>\n<\/div><\/div>\n<\/div><\/p>\n","protected":false},"excerpt":{"rendered":"","protected":false},"author":1,"featured_media":1949,"parent":0,"menu_order":0,"comment_status":"closed","ping_status":"closed","template":"","meta":{"footnotes":""},"class_list":["post-952","page","type-page","status-publish","has-post-thumbnail","hentry"],"_links":{"self":[{"href":"http:\/\/tierarztpraxis-langen.de\/index.php?rest_route=\/wp\/v2\/pages\/952","targetHints":{"allow":["GET"]}}],"collection":[{"href":"http:\/\/tierarztpraxis-langen.de\/index.php?rest_route=\/wp\/v2\/pages"}],"about":[{"href":"http:\/\/tierarztpraxis-langen.de\/index.php?rest_route=\/wp\/v2\/types\/page"}],"author":[{"embeddable":true,"href":"http:\/\/tierarztpraxis-langen.de\/index.php?rest_route=\/wp\/v2\/users\/1"}],"replies":[{"embeddable":true,"href":"http:\/\/tierarztpraxis-langen.de\/index.php?rest_route=%2Fwp%2Fv2%2Fcomments&post=952"}],"version-history":[{"count":36,"href":"http:\/\/tierarztpraxis-langen.de\/index.php?rest_route=\/wp\/v2\/pages\/952\/revisions"}],"predecessor-version":[{"id":2350,"href":"http:\/\/tierarztpraxis-langen.de\/index.php?rest_route=\/wp\/v2\/pages\/952\/revisions\/2350"}],"wp:featuredmedia":[{"embeddable":true,"href":"http:\/\/tierarztpraxis-langen.de\/index.php?rest_route=\/wp\/v2\/media\/1949"}],"wp:attachment":[{"href":"http:\/\/tierarztpraxis-langen.de\/index.php?rest_route=%2Fwp%2Fv2%2Fmedia&parent=952"}],"curies":[{"name":"wp","href":"https:\/\/api.w.org\/{rel}","templated":true}]}}